{"id":7579,"date":"2025-09-01T22:57:21","date_gmt":"2025-09-02T01:57:21","guid":{"rendered":"https:\/\/inovawebcursos.com.br\/site\/?page_id=7579"},"modified":"2025-09-01T23:06:10","modified_gmt":"2025-09-02T02:06:10","slug":"agenda","status":"publish","type":"page","link":"https:\/\/inovawebcursos.com.br\/site\/agenda\/","title":{"rendered":"Agenda"},"content":{"rendered":"\t\t<div data-elementor-type=\"wp-page\" data-elementor-id=\"7579\" class=\"elementor elementor-7579\">\n\t\t\t\t\t\t<section class=\"elementor-section elementor-top-section elementor-element elementor-element-d8c3d8a elementor-section-content-middle pbmit-col-stretched-none pbmit-bg-color-over-image elementor-section-boxed elementor-section-height-default elementor-section-height-default\" data-id=\"d8c3d8a\" data-element_type=\"section\">\n\t\t\t\t\t\t<div class=\"elementor-container elementor-column-gap-no\">\n\t\t\t\t\t<div class=\"elementor-column elementor-col-50 elementor-top-column elementor-element elementor-element-6520bc4 pbmit-bg-color-over-image\" data-id=\"6520bc4\" data-element_type=\"column\">\n\t\t\t<div class=\"elementor-widget-wrap elementor-element-populated\">\n\t\t\t\t\t\t<div class=\"elementor-element elementor-element-ef184ea ttta elementor-widget elementor-widget-pbmit_multiple_icon_heading\" data-id=\"ef184ea\" data-element_type=\"widget\" data-widget_type=\"pbmit_multiple_icon_heading.default\">\n\t\t\t\t<div class=\"elementor-widget-container\">\n\t\t\t\t\t\r\n\t\t<div class=\"pbminfotech-element\r\n\t\t\tpbminfotech-element-miconheading\t\t\tpbmit-element-miconheading-style-20\t\t\tpbmit-element-viewtype-row-column\t\t\tpbmit-element-column-one\t\t\tpbmit-element-sticky-carousel-false\t\t\tpbmit-element-caroursel-dot-false\t\t\tpbmit-infinite-scroll-no\t\t\tpbmit-infinite-scroll-button-no\t\t\t\t\t\t\t\t\t\t\t\t\"\r\n\r\n\t\t\tdata-cpt=\"miconheading\"\r\n\t\t\tdata-totalpagination=\"1\"\r\n\t\t\tdata-style=\"20\"\r\n\t\t\tdata-show=\"3\"\r\n\t\t\tdata-columns=\"1\"\r\n\t\t\tdata-loop=\"false\"\r\n\t\t\tdata-autoplay=\"false\"\r\n\t\t\tdata-center=\"false\"\r\n\t\t\tdata-nav=\"false\"\r\n\t\t\tdata-dots=\"false\"\r\n\t\t\tdata-reverse=\"false\"\r\n\t\t\tdata-speed=\"1000\"\r\n\t\t\tdata-marquee-speed=\"10000\"\r\n\t\t\tdata-delay=\"4000\"\r\n\t\t\tdata-margin=\"\"\r\n\t\t\tdata-show-portion=\"false\">\r\n\r\n\t\t\t<div class=\"pbmit-element-inner\">\r\n\t\t\r\n\r\n\t\t\r\n\t\t<div class=\"pbmit-ele-header-area\">\r\n\t\t\t <div class=\"pbmit-heading-subheading pbmit-heading-subheading-style-1 pbmit-reverse-heading-yes animation-style4\"><h4 class=\"pbmit-element-subtitle\"><span>\r\n\t\t\t\t<\/span>\r\n\t\t\t\t\r\n\t\t\t\t\tAgenda\r\n\t\t\t\t\r\n\t\t\t\t<\/h4>\r\n\t\t\t<h2 class=\"pbmit-element-title\">\r\n\t\t\t\t\r\n\t\t\t\t\tCursos Presenciais <br>em todo Brasil\r\n\t\t\t\t\r\n\t\t\t\t<\/h2>\r\n\t\t\t<div class=\"pbmit-heading-desc\"><strong>Agenda de Cursos<\/strong>\n<br>\n\u27a1\ufe0f Setembro\n<br><br>\n\u2705\ufe0f6 e 7 - Ar Condicionado Automotivo - Santo \u00c2ngelo\/RS<br>\n\u2705\ufe0f6 e 7 - Ar Condicionado Automotivo - Vilhena\/RO \n<br><br>\n\u2705\ufe0f13 e 14 - Ar Condicionado Automotivo - Dois Vizinhos\/PR <br>\n\u2705\ufe0f13 e 14 - Ar Condicionado Automotivo - Cuiab\u00e1\/MT\n<br><br>\n\u2705\ufe0f20 e 21 - Ar Condicionado Automotivo - Tr\u00eas Lagoas\/MS <br>\n\u2705\ufe0f 20 e 21 - Ar Condicionado Automotivo - S\u00e3o Gabriel do Oeste\/MS <br><br>\n\u2705\ufe0f27 e 28 - Ar Condicionado Automotivo - Pelotas\/RS <br>\n\u2705\ufe0f27 e 28 - Ar Condicionado Automotivo - Confresa\/MT\n<br><br>\n\u27a1\ufe0f Outubro<br><br>\n\u2705\ufe0f4 e 5 - El\u00e9trica Automotiva - Lu\u00eds Eduardo Magalh\u00e3es\/BA <br>\n\u2705\ufe0f4 e 5 - Ar Condicionado Automotivo - Imb\u00e9\/RS<br>\n\u2705\ufe0f4 e 5 - Ar Condicionado Automotivo - Presidente Prudente\/SP<br><\/div><\/div>\t\t<\/div>\r\n\r\n\r\n\t\t<div class=\"pbmit-element-posts-wrapper row multi-columns-row\">\r\n\r\n\t\t\t<article class=\"pbmit-ele pbmit-ele-miconheading pbmit-miconheading-style-20 col-md-12   \">\r\n\t\t\t\t\t\t<div class=\"pbmit-ihbox pbmit-ihbox-style-20\">\r\n\t\t\t\t\t\t\t<div class=\"pbmit-ihbox-headingicon\">\r\n\t\t<div class=\"pbmit-ihbox-contents\">\r\n\t\t\t\t\t\t\t\t\t\t\t<\/div><!-- .pbmit-ihbox-contents -->\r\n<\/div> \t\r\n\t\t\t\t\t\t<\/div>\r\n\r\n\t\t\t\t\t<\/article>\r\n\t\t<\/div>\r\n\r\n\t\t\t\t\t<\/div><!-- .pbmit-element-inner -->\r\n\t\t<\/div><!-- .pbminfotech-element -->\r\n\r\n\t\t\t\t\t\t<\/div>\n\t\t\t\t<\/div>\n\t\t\t\t\t<\/div>\n\t\t<\/div>\n\t\t\t\t<div class=\"elementor-column elementor-col-50 elementor-top-column elementor-element elementor-element-e5da941 pbmit-bg-color-over-image\" data-id=\"e5da941\" data-element_type=\"column\">\n\t\t\t<div class=\"elementor-widget-wrap elementor-element-populated\">\n\t\t\t\t\t\t<div class=\"elementor-element elementor-element-aaa3a29 elementor-arrows-position-inside elementor-pagination-position-outside elementor-widget elementor-widget-image-carousel\" data-id=\"aaa3a29\" data-element_type=\"widget\" data-settings=\"{&quot;slides_to_show&quot;:&quot;1&quot;,&quot;autoplay_speed&quot;:2000,&quot;navigation&quot;:&quot;both&quot;,&quot;autoplay&quot;:&quot;yes&quot;,&quot;pause_on_hover&quot;:&quot;yes&quot;,&quot;pause_on_interaction&quot;:&quot;yes&quot;,&quot;infinite&quot;:&quot;yes&quot;,&quot;effect&quot;:&quot;slide&quot;,&quot;speed&quot;:500}\" data-widget_type=\"image-carousel.default\">\n\t\t\t\t<div class=\"elementor-widget-container\">\n\t\t\t\t\t\t\t<div class=\"elementor-image-carousel-wrapper swiper\" role=\"region\" aria-roledescription=\"carousel\" aria-label=\"Carrossel de imagens\" dir=\"ltr\">\n\t\t\t<div class=\"elementor-image-carousel swiper-wrapper\" aria-live=\"off\">\n\t\t\t\t\t\t\t\t<div class=\"swiper-slide\" role=\"group\" aria-roledescription=\"slide\" aria-label=\"1 de 4\"><figure class=\"swiper-slide-inner\"><img decoding=\"async\" class=\"swiper-slide-image\" src=\"https:\/\/inovawebcursos.com.br\/site\/wp-content\/uploads\/2025\/08\/inovaweb1.jpeg\" alt=\"inovaweb1\" \/><\/figure><\/div><div class=\"swiper-slide\" role=\"group\" aria-roledescription=\"slide\" aria-label=\"2 de 4\"><figure class=\"swiper-slide-inner\"><img decoding=\"async\" class=\"swiper-slide-image\" src=\"https:\/\/inovawebcursos.com.br\/site\/wp-content\/uploads\/2025\/08\/inovaweb2.jpeg\" alt=\"inovaweb2\" \/><\/figure><\/div><div class=\"swiper-slide\" role=\"group\" aria-roledescription=\"slide\" aria-label=\"3 de 4\"><figure class=\"swiper-slide-inner\"><img decoding=\"async\" class=\"swiper-slide-image\" src=\"https:\/\/inovawebcursos.com.br\/site\/wp-content\/uploads\/2025\/08\/inovaweb3.jpeg\" alt=\"inovaweb3\" \/><\/figure><\/div><div class=\"swiper-slide\" role=\"group\" aria-roledescription=\"slide\" aria-label=\"4 de 4\"><figure class=\"swiper-slide-inner\"><img decoding=\"async\" class=\"swiper-slide-image\" src=\"https:\/\/inovawebcursos.com.br\/site\/wp-content\/uploads\/2025\/08\/img04.jpeg\" alt=\"img04\" \/><\/figure><\/div>\t\t\t<\/div>\n\t\t\t\t\t\t\t\t\t\t\t\t<div class=\"elementor-swiper-button elementor-swiper-button-prev\" role=\"button\" tabindex=\"0\">\n\t\t\t\t\t\t<svg aria-hidden=\"true\" class=\"e-font-icon-svg e-eicon-chevron-left\" viewBox=\"0 0 1000 1000\" xmlns=\"http:\/\/www.w3.org\/2000\/svg\"><path d=\"M646 125C629 125 613 133 604 142L308 442C296 454 292 471 292 487 292 504 296 521 308 533L604 854C617 867 629 875 646 875 663 875 679 871 692 858 704 846 713 829 713 812 713 796 708 779 692 767L438 487 692 225C700 217 708 204 708 187 708 171 704 154 692 142 675 129 663 125 646 125Z\"><\/path><\/svg>\t\t\t\t\t<\/div>\n\t\t\t\t\t<div class=\"elementor-swiper-button elementor-swiper-button-next\" role=\"button\" tabindex=\"0\">\n\t\t\t\t\t\t<svg aria-hidden=\"true\" class=\"e-font-icon-svg e-eicon-chevron-right\" viewBox=\"0 0 1000 1000\" xmlns=\"http:\/\/www.w3.org\/2000\/svg\"><path d=\"M696 533C708 521 713 504 713 487 713 471 708 454 696 446L400 146C388 133 375 125 354 125 338 125 325 129 313 142 300 154 292 171 292 187 292 204 296 221 308 233L563 492 304 771C292 783 288 800 288 817 288 833 296 850 308 863 321 871 338 875 354 875 371 875 388 867 400 854L696 533Z\"><\/path><\/svg>\t\t\t\t\t<\/div>\n\t\t\t\t\n\t\t\t\t\t\t\t\t\t<div class=\"swiper-pagination\"><\/div>\n\t\t\t\t\t\t\t\t\t<\/div>\n\t\t\t\t\t\t<\/div>\n\t\t\t\t<\/div>\n\t\t\t\t\t<\/div>\n\t\t<\/div>\n\t\t\t\t\t<\/div>\n\t\t<\/section>\n\t\t\t\t<div class=\"elementor-section elementor-top-section elementor-element elementor-element-9dcb6cd elementor-section-stretched pbmit-col-stretched-none pbmit-bg-color-over-image elementor-section-boxed elementor-section-height-default elementor-section-height-default elementor-invisible\" data-id=\"9dcb6cd\" data-element_type=\"section\" data-settings=\"{&quot;stretch_section&quot;:&quot;section-stretched&quot;,&quot;background_background&quot;:&quot;classic&quot;,&quot;animation&quot;:&quot;fadeInLeft&quot;}\">\n\t\t\t\t\t\t<div class=\"elementor-container elementor-column-gap-no\">\n\t\t\t\t\t<div class=\"elementor-column elementor-col-100 elementor-top-column elementor-element elementor-element-ca4b986 pbmit-bg-color-over-image\" data-id=\"ca4b986\" data-element_type=\"column\">\n\t\t\t<div class=\"elementor-widget-wrap elementor-element-populated\">\n\t\t\t\t\t\t<div class=\"elementor-element elementor-element-05c7a2a elementor-widget elementor-widget-pbmit_testimonial_element\" data-id=\"05c7a2a\" data-element_type=\"widget\" data-widget_type=\"pbmit_testimonial_element.default\">\n\t\t\t\t<div class=\"elementor-widget-container\">\n\t\t\t\t\t\r\n\t\t<div class=\"pbminfotech-element\r\n\t\t\tpbminfotech-element-testimonial\t\t\tpbmit-element-testimonial-style-2\t\t\tpbmit-element-viewtype-carousel\t\t\tpbmit-element-column-three\t\t\tpbmit-element-sticky-carousel-false\t\t\tpbmit-element-caroursel-dot-false\t\t\tpbmit-infinite-scroll-no\t\t\tpbmit-infinite-scroll-button-no\t\t\tpbminfotech-gap-default\t\t\t\t\t\t\t\t\t\"\r\n\r\n\t\t\tdata-cpt=\"testimonial\"\r\n\t\t\tdata-totalpagination=\"2\"\r\n\t\t\tdata-style=\"2\"\r\n\t\t\tdata-show=\"6\"\r\n\t\t\tdata-columns=\"3\"\r\n\t\t\tdata-loop=\"true\"\r\n\t\t\tdata-autoplay=\"true\"\r\n\t\t\tdata-center=\"false\"\r\n\t\t\tdata-nav=\"false\"\r\n\t\t\tdata-dots=\"false\"\r\n\t\t\tdata-reverse=\"false\"\r\n\t\t\tdata-speed=\"3000\"\r\n\t\t\tdata-marquee-speed=\"10000\"\r\n\t\t\tdata-delay=\"4000\"\r\n\t\t\tdata-margin=\"default\"\r\n\t\t\tdata-show-portion=\"false\">\r\n\r\n\t\t\t<div class=\"pbmit-element-inner\">\r\n\t\t\r\n\r\n\t\t\t\t\t<div class=\"pbmit-ele-header-area\">\r\n\t\t\t\t <div class=\"pbmit-heading-subheading pbmit-heading-subheading-style-1  animation-style4\"><\/div>\t\t\t<\/div>\r\n\r\n\t\t<div class=\"pbmit-infinite-scroll-data\">{\"cpt\":\"testimonial\",\"style\":\"2\",\"columns\":\"3\",\"show\":\"6\",\"order\":\"DESC\",\"orderby\":\"none\"}<\/div> <div class=\"pbmit-marquee-effect-section\"> \r\n\t\t\t\t<div class=\"pbmit-element-posts-wrapper  row multi-columns-row  pbmit-marquee-container   swiper-container\">\r\n\r\n\t\t\t\t\t<article class=\"pbmit-ele pbmit-ele-testimonial pbmit-testimonial-style-2 col-md-4  pbmit-odd pbmit-col-odd\"><div class=\"pbminfotech-post-item\">\r\n\t<div class=\"pbmit-box-content-wrap\">\r\n\t\t<div class=\"pbminfotech-box-star-ratings\"><i class=\"pbmit-base-icon-star-1 pbmit-active\"><\/i><i class=\"pbmit-base-icon-star-1 pbmit-active\"><\/i><i class=\"pbmit-base-icon-star-1 pbmit-active\"><\/i><i class=\"pbmit-base-icon-star-1 pbmit-active\"><\/i><i class=\"pbmit-base-icon-star-1 pbmit-active\"><\/i><\/div>\t\t<div class=\"pbminfotech-box-desc\">\r\n\t\t\t<blockquote class=\"pbminfotech-testimonial-text\"><p>Foi a melhor decis\u00e3o da minha vida profissional. Logo ap\u00f3s o curso, consegui um emprego em uma empresa parceira da Inovaweb<\/p>\n<\/blockquote>\r\n\t\t<\/div>\r\n\t\t<div class=\"pbminfotech-box-author d-flex align-items-center\">\r\n\t\t\t<div class=\"pbminfotech-box-img\">\r\n\t\t\t\t\t\t\t<\/div>\r\n\t\t\t<div class=\"pbmit-auther-content\">\r\n\t\t\t\t<h3 class=\"pbminfotech-box-title\">Maicon Figueiredo<\/h3>\r\n\t\t\t\t\t\t\t<\/div>\r\n\t\t<\/div>\r\n\t<\/div>\r\n<\/div><\/article><article class=\"pbmit-ele pbmit-ele-testimonial pbmit-testimonial-style-2 col-md-4  pbmit-even pbmit-col-odd\"><div class=\"pbminfotech-post-item\">\r\n\t<div class=\"pbmit-box-content-wrap\">\r\n\t\t<div class=\"pbminfotech-box-star-ratings\"><i class=\"pbmit-base-icon-star-1 pbmit-active\"><\/i><i class=\"pbmit-base-icon-star-1 pbmit-active\"><\/i><i class=\"pbmit-base-icon-star-1 pbmit-active\"><\/i><i class=\"pbmit-base-icon-star-1 pbmit-active\"><\/i><i class=\"pbmit-base-icon-star-1 pbmit-active\"><\/i><\/div>\t\t<div class=\"pbminfotech-box-desc\">\r\n\t\t\t<blockquote class=\"pbminfotech-testimonial-text\"><p>O curso me deu seguran\u00e7a para assumir trabalhos que antes eu recusava. Hoje sou refer\u00eancia na minha cidade na parte de climatiza\u00e7\u00e3o agr\u00edcola<\/p>\n<\/blockquote>\r\n\t\t<\/div>\r\n\t\t<div class=\"pbminfotech-box-author d-flex align-items-center\">\r\n\t\t\t<div class=\"pbminfotech-box-img\">\r\n\t\t\t\t\t\t\t<\/div>\r\n\t\t\t<div class=\"pbmit-auther-content\">\r\n\t\t\t\t<h3 class=\"pbminfotech-box-title\">Rafael Lopes<\/h3>\r\n\t\t\t\t\t\t\t<\/div>\r\n\t\t<\/div>\r\n\t<\/div>\r\n<\/div><\/article><article class=\"pbmit-ele pbmit-ele-testimonial pbmit-testimonial-style-2 col-md-4  pbmit-odd pbmit-col-odd\"><div class=\"pbminfotech-post-item\">\r\n\t<div class=\"pbmit-box-content-wrap\">\r\n\t\t<div class=\"pbminfotech-box-star-ratings\"><i class=\"pbmit-base-icon-star-1 pbmit-active\"><\/i><i class=\"pbmit-base-icon-star-1 pbmit-active\"><\/i><i class=\"pbmit-base-icon-star-1 pbmit-active\"><\/i><i class=\"pbmit-base-icon-star-1 pbmit-active\"><\/i><i class=\"pbmit-base-icon-star-1 pbmit-active\"><\/i><\/div>\t\t<div class=\"pbminfotech-box-desc\">\r\n\t\t\t<blockquote class=\"pbminfotech-testimonial-text\"><p>Foi gra\u00e7as ao curso que conquistei a confian\u00e7a dos meus clientes e ampliei meus servi\u00e7os na oficina<\/p>\n<\/blockquote>\r\n\t\t<\/div>\r\n\t\t<div class=\"pbminfotech-box-author d-flex align-items-center\">\r\n\t\t\t<div class=\"pbminfotech-box-img\">\r\n\t\t\t\t\t\t\t<\/div>\r\n\t\t\t<div class=\"pbmit-auther-content\">\r\n\t\t\t\t<h3 class=\"pbminfotech-box-title\">Juliano Santos<\/h3>\r\n\t\t\t\t\t\t\t<\/div>\r\n\t\t<\/div>\r\n\t<\/div>\r\n<\/div><\/article><article class=\"pbmit-ele pbmit-ele-testimonial pbmit-testimonial-style-2 col-md-4  pbmit-even pbmit-col-even\"><div class=\"pbminfotech-post-item\">\r\n\t<div class=\"pbmit-box-content-wrap\">\r\n\t\t<div class=\"pbminfotech-box-star-ratings\"><i class=\"pbmit-base-icon-star-1 pbmit-active\"><\/i><i class=\"pbmit-base-icon-star-1 pbmit-active\"><\/i><i class=\"pbmit-base-icon-star-1 pbmit-active\"><\/i><i class=\"pbmit-base-icon-star-1 pbmit-active\"><\/i><i class=\"pbmit-base-icon-star-1 pbmit-active\"><\/i><\/div>\t\t<div class=\"pbminfotech-box-desc\">\r\n\t\t\t<blockquote class=\"pbminfotech-testimonial-text\"><p>Tenho oficina h\u00e1 10 anos, mas o curso me ajudou a ampliar meus servi\u00e7os. Agora consigo atender desde carros at\u00e9 equipamentos agr\u00edcolas com confian\u00e7a<\/p>\n<\/blockquote>\r\n\t\t<\/div>\r\n\t\t<div class=\"pbminfotech-box-author d-flex align-items-center\">\r\n\t\t\t<div class=\"pbminfotech-box-img\">\r\n\t\t\t\t\t\t\t<\/div>\r\n\t\t\t<div class=\"pbmit-auther-content\">\r\n\t\t\t\t<h3 class=\"pbminfotech-box-title\">Patrick Almeida<\/h3>\r\n\t\t\t\t\t\t\t<\/div>\r\n\t\t<\/div>\r\n\t<\/div>\r\n<\/div><\/article><article class=\"pbmit-ele pbmit-ele-testimonial pbmit-testimonial-style-2 col-md-4  pbmit-odd pbmit-col-even\"><div class=\"pbminfotech-post-item\">\r\n\t<div class=\"pbmit-box-content-wrap\">\r\n\t\t<div class=\"pbminfotech-box-star-ratings\"><i class=\"pbmit-base-icon-star-1 pbmit-active\"><\/i><i class=\"pbmit-base-icon-star-1 pbmit-active\"><\/i><i class=\"pbmit-base-icon-star-1 pbmit-active\"><\/i><i class=\"pbmit-base-icon-star-1 pbmit-active\"><\/i><i class=\"pbmit-base-icon-star-1 pbmit-active\"><\/i><\/div>\t\t<div class=\"pbminfotech-box-desc\">\r\n\t\t\t<blockquote class=\"pbminfotech-testimonial-text\"><p>Trabalhava na lavoura, mas sempre dependia de assist\u00eancia externa. Com o curso, al\u00e9m de continuar na \u00e1rea, passei a oferecer manuten\u00e7\u00e3o especializada. Isso aumentou minha renda<\/p>\n<\/blockquote>\r\n\t\t<\/div>\r\n\t\t<div class=\"pbminfotech-box-author d-flex align-items-center\">\r\n\t\t\t<div class=\"pbminfotech-box-img\">\r\n\t\t\t\t\t\t\t<\/div>\r\n\t\t\t<div class=\"pbmit-auther-content\">\r\n\t\t\t\t<h3 class=\"pbminfotech-box-title\">Carlos Eduardo<\/h3>\r\n\t\t\t\t\t\t\t<\/div>\r\n\t\t<\/div>\r\n\t<\/div>\r\n<\/div><\/article><article class=\"pbmit-ele pbmit-ele-testimonial pbmit-testimonial-style-2 col-md-4  pbmit-even pbmit-col-even\"><div class=\"pbminfotech-post-item\">\r\n\t<div class=\"pbmit-box-content-wrap\">\r\n\t\t<div class=\"pbminfotech-box-star-ratings\"><i class=\"pbmit-base-icon-star-1 pbmit-active\"><\/i><i class=\"pbmit-base-icon-star-1 pbmit-active\"><\/i><i class=\"pbmit-base-icon-star-1 pbmit-active\"><\/i><i class=\"pbmit-base-icon-star-1 pbmit-active\"><\/i><i class=\"pbmit-base-icon-star-1 pbmit-active\"><\/i><\/div>\t\t<div class=\"pbminfotech-box-desc\">\r\n\t\t\t<blockquote class=\"pbminfotech-testimonial-text\"><p>Sempre atuei na \u00e1rea, mas ap\u00f3s o curso da Inovaweb me senti muito mais seguro para diagnosticar problemas e aplicar solu\u00e7\u00f5es modernas. Meus clientes j\u00e1 notaram a diferen\u00e7a<\/p>\n<\/blockquote>\r\n\t\t<\/div>\r\n\t\t<div class=\"pbminfotech-box-author d-flex align-items-center\">\r\n\t\t\t<div class=\"pbminfotech-box-img\">\r\n\t\t\t\t\t\t\t<\/div>\r\n\t\t\t<div class=\"pbmit-auther-content\">\r\n\t\t\t\t<h3 class=\"pbminfotech-box-title\">Ronaldo Rodrigues<\/h3>\r\n\t\t\t\t\t\t\t<\/div>\r\n\t\t<\/div>\r\n\t<\/div>\r\n<\/div><\/article>\r\n\t\t\t\t<\/div>\r\n\t\t\t\t \r\n\t\t\t\t \r\n\r\n\t\t\t\t <\/div> \t\r\n\r\n\t\t\t\r\n\t\t\t\t\t<\/div><!-- .pbmit-element-inner -->\r\n\t\t<\/div><!-- .pbminfotech-element -->\r\n\r\n\t\t\r\n\t\t\t\t\t\t<\/div>\n\t\t\t\t<\/div>\n\t\t\t\t\t<\/div>\n\t\t<\/div>\n\t\t\t\t\t<\/div>\n\t\t<\/div>\n\t\t\t\t<\/div>\n\t\t","protected":false},"excerpt":{"rendered":"<p>Agenda Cursos Presenciais em todo Brasil Agenda de Cursos \u27a1\ufe0f Setembro \u2705\ufe0f6 e 7 &#8211; Ar Condicionado Automotivo &#8211; Santo \u00c2ngelo\/RS \u2705\ufe0f6 e 7 &#8211; Ar Condicionado Automotivo &#8211; Vilhena\/RO \u2705\ufe0f13 e 14 &#8211; Ar Condicionado Automotivo &#8211; Dois Vizinhos\/PR \u2705\ufe0f13 e 14 &#8211; Ar Condicionado Automotivo &#8211; Cuiab\u00e1\/MT \u2705\ufe0f20 e 21 &#8211; Ar Condicionado [&hellip;]<\/p>\n","protected":false},"author":1,"featured_media":0,"parent":0,"menu_order":1,"comment_status":"closed","ping_status":"closed","template":"","meta":{"_acf_changed":false,"inline_featured_image":false,"footnotes":""},"class_list":["post-7579","page","type-page","status-publish","hentry"],"acf":[],"_links":{"self":[{"href":"https:\/\/inovawebcursos.com.br\/site\/wp-json\/wp\/v2\/pages\/7579","targetHints":{"allow":["GET"]}}],"collection":[{"href":"https:\/\/inovawebcursos.com.br\/site\/wp-json\/wp\/v2\/pages"}],"about":[{"href":"https:\/\/inovawebcursos.com.br\/site\/wp-json\/wp\/v2\/types\/page"}],"author":[{"embeddable":true,"href":"https:\/\/inovawebcursos.com.br\/site\/wp-json\/wp\/v2\/users\/1"}],"replies":[{"embeddable":true,"href":"https:\/\/inovawebcursos.com.br\/site\/wp-json\/wp\/v2\/comments?post=7579"}],"version-history":[{"count":25,"href":"https:\/\/inovawebcursos.com.br\/site\/wp-json\/wp\/v2\/pages\/7579\/revisions"}],"predecessor-version":[{"id":7606,"href":"https:\/\/inovawebcursos.com.br\/site\/wp-json\/wp\/v2\/pages\/7579\/revisions\/7606"}],"wp:attachment":[{"href":"https:\/\/inovawebcursos.com.br\/site\/wp-json\/wp\/v2\/media?parent=7579"}],"curies":[{"name":"wp","href":"https:\/\/api.w.org\/{rel}","templated":true}]}}